{"id":10,"date":"2021-12-05T05:55:45","date_gmt":"2021-12-05T05:55:45","guid":{"rendered":"http:\/\/www.casasycosas.site\/?page_id=10"},"modified":"2021-12-05T05:55:45","modified_gmt":"2021-12-05T05:55:45","slug":"contacto","status":"publish","type":"page","link":"https:\/\/casasycosas.es\/index.php\/contacto\/","title":{"rendered":"Contacto"},"content":{"rendered":"\n<p>Esta es una p\u00e1gina con informaci\u00f3n de contacto b\u00e1sica, como la direcci\u00f3n y el n\u00famero de tel\u00e9fono. Incluso puedes probar un plugin para a\u00f1adir un formulario de contacto.<\/p>\n","protected":false},"excerpt":{"rendered":"<p>Esta es una p\u00e1gina con informaci\u00f3n de contacto b\u00e1sica, como la direcci\u00f3n y el n\u00famero de tel\u00e9fono. Incluso puedes probar un plugin para a\u00f1adir un formulario de contacto.<\/p>\n","protected":false},"author":1,"featured_media":5,"parent":0,"menu_order":0,"comment_status":"closed","ping_status":"closed","template":"","meta":{"footnotes":""},"yoast_head":"<!-- This site is optimized with the Yoast SEO plugin v17.7.1 - https:\/\/yoast.com\/wordpress\/plugins\/seo\/ -->\n<title>Contacto - Casas y cosas<\/title>\n<meta name=\"robots\" content=\"index, follow, max-snippet:-1, max-image-preview:large, max-video-preview:-1\" \/>\n<link rel=\"canonical\" href=\"https:\/\/casasycosas.es\/index.php\/contacto\/\" \/>\n<meta property=\"og:locale\" content=\"es_ES\" \/>\n<meta property=\"og:type\" content=\"article\" \/>\n<meta property=\"og:title\" content=\"Contacto - Casas y cosas\" \/>\n<meta property=\"og:description\" content=\"Esta es una p\u00e1gina con informaci\u00f3n de contacto b\u00e1sica, como la direcci\u00f3n y el n\u00famero de tel\u00e9fono. Incluso puedes probar un plugin para a\u00f1adir un formulario de contacto.\" \/>\n<meta property=\"og:url\" content=\"https:\/\/casasycosas.es\/index.php\/contacto\/\" \/>\n<meta property=\"og:site_name\" content=\"Casas y cosas\" \/>\n<meta property=\"og:image\" content=\"https:\/\/casasycosas.es\/wp-content\/uploads\/2021\/12\/espresso.jpg\" \/>\n\t<meta property=\"og:image:width\" content=\"2000\" \/>\n\t<meta property=\"og:image:height\" content=\"1200\" \/>\n<meta name=\"twitter:card\" content=\"summary_large_image\" \/>\n<script type=\"application\/ld+json\" class=\"yoast-schema-graph\">{\"@context\":\"https:\/\/schema.org\",\"@graph\":[{\"@type\":\"WebSite\",\"@id\":\"https:\/\/casasycosas.es\/#website\",\"url\":\"https:\/\/casasycosas.es\/\",\"name\":\"Casas y cosas\",\"description\":\"Bricolaje, cocina, decoraci&oacute;n...\",\"potentialAction\":[{\"@type\":\"SearchAction\",\"target\":{\"@type\":\"EntryPoint\",\"urlTemplate\":\"https:\/\/casasycosas.es\/?s={search_term_string}\"},\"query-input\":\"required name=search_term_string\"}],\"inLanguage\":\"es\"},{\"@type\":\"ImageObject\",\"@id\":\"https:\/\/casasycosas.es\/index.php\/contacto\/#primaryimage\",\"inLanguage\":\"es\",\"url\":\"https:\/\/casasycosas.es\/wp-content\/uploads\/2021\/12\/espresso.jpg\",\"contentUrl\":\"https:\/\/casasycosas.es\/wp-content\/uploads\/2021\/12\/espresso.jpg\",\"width\":2000,\"height\":1200},{\"@type\":\"WebPage\",\"@id\":\"https:\/\/casasycosas.es\/index.php\/contacto\/#webpage\",\"url\":\"https:\/\/casasycosas.es\/index.php\/contacto\/\",\"name\":\"Contacto - Casas y cosas\",\"isPartOf\":{\"@id\":\"https:\/\/casasycosas.es\/#website\"},\"primaryImageOfPage\":{\"@id\":\"https:\/\/casasycosas.es\/index.php\/contacto\/#primaryimage\"},\"datePublished\":\"2021-12-05T05:55:45+00:00\",\"dateModified\":\"2021-12-05T05:55:45+00:00\",\"breadcrumb\":{\"@id\":\"https:\/\/casasycosas.es\/index.php\/contacto\/#breadcrumb\"},\"inLanguage\":\"es\",\"potentialAction\":[{\"@type\":\"ReadAction\",\"target\":[\"https:\/\/casasycosas.es\/index.php\/contacto\/\"]}]},{\"@type\":\"BreadcrumbList\",\"@id\":\"https:\/\/casasycosas.es\/index.php\/contacto\/#breadcrumb\",\"itemListElement\":[{\"@type\":\"ListItem\",\"position\":1,\"name\":\"Portada\",\"item\":\"https:\/\/casasycosas.es\/\"},{\"@type\":\"ListItem\",\"position\":2,\"name\":\"Contacto\"}]}]}<\/script>\n<!-- \/ Yoast SEO plugin. -->","yoast_head_json":{"title":"Contacto - Casas y cosas","robots":{"index":"index","follow":"follow","max-snippet":"max-snippet:-1","max-image-preview":"max-image-preview:large","max-video-preview":"max-video-preview:-1"},"canonical":"https:\/\/casasycosas.es\/index.php\/contacto\/","og_locale":"es_ES","og_type":"article","og_title":"Contacto - Casas y cosas","og_description":"Esta es una p\u00e1gina con informaci\u00f3n de contacto b\u00e1sica, como la direcci\u00f3n y el n\u00famero de tel\u00e9fono. Incluso puedes probar un plugin para a\u00f1adir un formulario de contacto.","og_url":"https:\/\/casasycosas.es\/index.php\/contacto\/","og_site_name":"Casas y cosas","og_image":[{"width":2000,"height":1200,"url":"https:\/\/casasycosas.es\/wp-content\/uploads\/2021\/12\/espresso.jpg","type":"image\/jpeg"}],"twitter_card":"summary_large_image","schema":{"@context":"https:\/\/schema.org","@graph":[{"@type":"WebSite","@id":"https:\/\/casasycosas.es\/#website","url":"https:\/\/casasycosas.es\/","name":"Casas y cosas","description":"Bricolaje, cocina, decoraci&oacute;n...","potentialAction":[{"@type":"SearchAction","target":{"@type":"EntryPoint","urlTemplate":"https:\/\/casasycosas.es\/?s={search_term_string}"},"query-input":"required name=search_term_string"}],"inLanguage":"es"},{"@type":"ImageObject","@id":"https:\/\/casasycosas.es\/index.php\/contacto\/#primaryimage","inLanguage":"es","url":"https:\/\/casasycosas.es\/wp-content\/uploads\/2021\/12\/espresso.jpg","contentUrl":"https:\/\/casasycosas.es\/wp-content\/uploads\/2021\/12\/espresso.jpg","width":2000,"height":1200},{"@type":"WebPage","@id":"https:\/\/casasycosas.es\/index.php\/contacto\/#webpage","url":"https:\/\/casasycosas.es\/index.php\/contacto\/","name":"Contacto - Casas y cosas","isPartOf":{"@id":"https:\/\/casasycosas.es\/#website"},"primaryImageOfPage":{"@id":"https:\/\/casasycosas.es\/index.php\/contacto\/#primaryimage"},"datePublished":"2021-12-05T05:55:45+00:00","dateModified":"2021-12-05T05:55:45+00:00","breadcrumb":{"@id":"https:\/\/casasycosas.es\/index.php\/contacto\/#breadcrumb"},"inLanguage":"es","potentialAction":[{"@type":"ReadAction","target":["https:\/\/casasycosas.es\/index.php\/contacto\/"]}]},{"@type":"BreadcrumbList","@id":"https:\/\/casasycosas.es\/index.php\/contacto\/#breadcrumb","itemListElement":[{"@type":"ListItem","position":1,"name":"Portada","item":"https:\/\/casasycosas.es\/"},{"@type":"ListItem","position":2,"name":"Contacto"}]}]}},"_links":{"self":[{"href":"https:\/\/casasycosas.es\/index.php\/wp-json\/wp\/v2\/pages\/10"}],"collection":[{"href":"https:\/\/casasycosas.es\/index.php\/wp-json\/wp\/v2\/pages"}],"about":[{"href":"https:\/\/casasycosas.es\/index.php\/wp-json\/wp\/v2\/types\/page"}],"author":[{"embeddable":true,"href":"https:\/\/casasycosas.es\/index.php\/wp-json\/wp\/v2\/users\/1"}],"replies":[{"embeddable":true,"href":"https:\/\/casasycosas.es\/index.php\/wp-json\/wp\/v2\/comments?post=10"}],"version-history":[{"count":1,"href":"https:\/\/casasycosas.es\/index.php\/wp-json\/wp\/v2\/pages\/10\/revisions"}],"predecessor-version":[{"id":16,"href":"https:\/\/casasycosas.es\/index.php\/wp-json\/wp\/v2\/pages\/10\/revisions\/16"}],"wp:featuredmedia":[{"embeddable":true,"href":"https:\/\/casasycosas.es\/index.php\/wp-json\/wp\/v2\/media\/5"}],"wp:attachment":[{"href":"https:\/\/casasycosas.es\/index.php\/wp-json\/wp\/v2\/media?parent=10"}],"curies":[{"name":"wp","href":"https:\/\/api.w.org\/{rel}","templated":true}]}}